{"id":59,"date":"2022-03-04T01:39:34","date_gmt":"2022-03-04T01:39:34","guid":{"rendered":"https:\/\/live.21lab.co\/nanofit\/?page_id=59"},"modified":"2025-11-08T16:00:21","modified_gmt":"2025-11-08T16:00:21","slug":"nous-contacter","status":"publish","type":"page","link":"https:\/\/epcoaching.ca\/fr\/nous-contacter\/","title":{"rendered":"Contactez-nous"},"content":{"rendered":"<div data-elementor-type=\"wp-page\" data-elementor-id=\"59\" class=\"elementor elementor-59\" data-elementor-post-type=\"page\">\n\t\t\t\t\t\t<section class=\"elementor-section elementor-top-section elementor-element elementor-element-f67a132 elementor-section-boxed elementor-section-height-default elementor-section-height-default\" data-id=\"f67a132\" data-element_type=\"section\" data-e-type=\"section\" data-settings=\"{&quot;background_background&quot;:&quot;gradient&quot;}\">\n\t\t\t\t\t\t<div class=\"elementor-container elementor-column-gap-default\">\n\t\t\t\t\t<div class=\"elementor-column elementor-col-100 elementor-top-column elementor-element elementor-element-862edd0\" data-id=\"862edd0\" data-element_type=\"column\" data-e-type=\"column\">\n\t\t\t<div class=\"elementor-widget-wrap elementor-element-populated\">\n\t\t\t\t\t\t<div class=\"elementor-element elementor-element-e7b7851 pp-heading-fill-solid elementor-widget elementor-widget-pp-fancy-heading\" data-id=\"e7b7851\" data-element_type=\"widget\" data-e-type=\"widget\" data-widget_type=\"pp-fancy-heading.default\">\n\t\t\t\t<div class=\"elementor-widget-container\">\n\t\t\t\t\t\t\t\t<h2 class=\"pp-fancy-heading\">\n\t\t\t\t\t\t\t\t<span class=\"pp-heading-text\">\n\t\t\t\t\tDes questions ?\t\t\t\t<\/span>\n\t\t\t\t\t\t\t<\/h2>\n\t\t\t\t\t\t\t<\/div>\n\t\t\t\t<\/div>\n\t\t\t\t<div class=\"elementor-element elementor-element-257ad14 elementor-widget elementor-widget-text-editor\" data-id=\"257ad14\" data-element_type=\"widget\" data-e-type=\"widget\" data-widget_type=\"text-editor.default\">\n\t\t\t\t<div class=\"elementor-widget-container\">\n\t\t\t\t\t\t\t\t\t<p>Forgez votre force, ma\u00eetrisez votre potentiel<\/p>\t\t\t\t\t\t\t\t<\/div>\n\t\t\t\t<\/div>\n\t\t\t\t<div class=\"elementor-element elementor-element-6a1985a elementor-widget-divider--view-line elementor-widget elementor-widget-divider\" data-id=\"6a1985a\" data-element_type=\"widget\" data-e-type=\"widget\" data-widget_type=\"divider.default\">\n\t\t\t\t<div class=\"elementor-widget-container\">\n\t\t\t\t\t\t\t<div class=\"elementor-divider\">\n\t\t\t<span class=\"elementor-divider-separator\">\n\t\t\t\t\t\t<\/span>\n\t\t<\/div>\n\t\t\t\t\t\t<\/div>\n\t\t\t\t<\/div>\n\t\t\t\t<div class=\"elementor-element elementor-element-b8c5fad pp-dual-heading-inline elementor-widget elementor-widget-pp-dual-heading\" data-id=\"b8c5fad\" data-element_type=\"widget\" data-e-type=\"widget\" data-widget_type=\"pp-dual-heading.default\">\n\t\t\t\t<div class=\"elementor-widget-container\">\n\t\t\t\t\t<div class=\"pp-dual-heading\"><a href=\"#form\"><span class=\"pp-first-text\"><br><\/span><span class=\"pp-second-text\">Envoyer un message<\/span><\/a><\/div>\t\t\t\t<\/div>\n\t\t\t\t<\/div>\n\t\t\t\t\t<\/div>\n\t\t<\/div>\n\t\t\t\t\t<\/div>\n\t\t<\/section>\n\t\t\t\t<section class=\"elementor-section elementor-top-section elementor-element elementor-element-1e91b2b elementor-section-boxed elementor-section-height-default elementor-section-height-default\" data-id=\"1e91b2b\" data-element_type=\"section\" data-e-type=\"section\">\n\t\t\t\t\t\t<div class=\"elementor-container elementor-column-gap-default\">\n\t\t\t\t\t<div class=\"elementor-column elementor-col-33 elementor-top-column elementor-element elementor-element-5fbd4bf\" data-id=\"5fbd4bf\" data-element_type=\"column\" data-e-type=\"column\">\n\t\t\t<div class=\"elementor-widget-wrap elementor-element-populated\">\n\t\t\t\t\t\t<div class=\"elementor-element elementor-element-9fa0398 elementor-widget elementor-widget-menu-anchor\" data-id=\"9fa0398\" data-element_type=\"widget\" data-e-type=\"widget\" data-widget_type=\"menu-anchor.default\">\n\t\t\t\t<div class=\"elementor-widget-container\">\n\t\t\t\t\t\t\t<div class=\"elementor-menu-anchor\" id=\"form\"><\/div>\n\t\t\t\t\t\t<\/div>\n\t\t\t\t<\/div>\n\t\t\t\t<div class=\"elementor-element elementor-element-3c54e9e elementor-widget elementor-widget-html\" data-id=\"3c54e9e\" data-element_type=\"widget\" data-e-type=\"widget\" data-widget_type=\"html.default\">\n\t\t\t\t<div class=\"elementor-widget-container\">\n\t\t\t\t\t<!-- ===== EP Coaching Contact Form ===== -->\r\n<form id=\"epcoaching-form\"\r\n      style=\"max-width:700px;margin:40px auto;background:#fff;border:1px solid #e0e0e0;             border-radius:12px;box-shadow:0 4px 15px rgba(0,0,0,0.05);padding:40px 50px;             font-family:'Poppins','Helvetica Neue',Arial,sans-serif;\" action=\"\">\r\n\r\n  <!-- Full Name -->\r\n  <div style=\"margin-bottom:25px;\">\r\n    <label for=\"full_name\" style=\"display:block;font-weight:600;color:#111;margin-bottom:8px;\">Nom complet*<\/label>\r\n    <input type=\"text\" id=\"full_name\" name=\"full_name\" placeholder=\"Quel est votre nom ?\" required\r\n style=\"width:100%;border:1px solid #ccc;border-radius:8px;padding:12px 14px;                  font-size:15px;color:#333;transition:all .3s ease;\">\r\n  <\/div>\r\n\r\n  <!-- Email -->\r\n  <div style=\"margin-bottom:25px;\">\r\n    <label for=\"email\" style=\"display:block;font-weight:600;color:#111;margin-bottom:8px;\">Courriel *<\/label>\r\n    <input type=\"email\" id=\"email\" name=\"email\" placeholder=\"Quelle est votre adresse \u00e9lectronique ?\" required\r\n style=\"width:100%;border:1px solid #ccc;border-radius:8px;padding:12px 14px;                  font-size:15px;color:#333;transition:all .3s ease;\">\r\n  <\/div>\r\n\r\n  <!-- Phone -->\r\n  <div style=\"margin-bottom:25px;\">\r\n    <label for=\"phone\" style=\"display:block;font-weight:600;color:#111;margin-bottom:8px;\">T\u00e9l\u00e9phone *<\/label>\r\n    <input type=\"tel\" id=\"phone\" name=\"phone\" placeholder=\"Quel est votre num\u00e9ro de t\u00e9l\u00e9phone ?\" required\r\n style=\"width:100%;border:1px solid #ccc;border-radius:8px;padding:12px 14px;                  font-size:15px;color:#333;transition:all .3s ease;\">\r\n  <\/div>\r\n\r\n  <!-- Message -->\r\n  <div style=\"margin-bottom:25px;\">\r\n    <label for=\"message\" style=\"display:block;font-weight:600;color:#111;margin-bottom:8px;\">Message<\/label>\r\n    <textarea id=\"message\" name=\"message\" placeholder=\"Pourquoi avez-vous besoin d&#039;aide ?\"\r\n              style=\"width:100%;border:1px solid #ccc;border-radius:8px;padding:12px 14px;                     font-size:15px;color:#333;min-height:120px;resize:vertical;                     transition:all .3s ease;\"><\/textarea>\r\n  <\/div>\r\n\r\n  <!-- Submit -->\r\n  <div style=\"text-align:center;margin-top:30px;display:flex;justify-content:center;align-items:center;gap:10px;\">\r\n    <button type=\"submit\" id=\"submitBtn\"\r\n            style=\"background:#000;color:#fff;border:none;border-radius:8px;font-weight:600;                   padding:14px 45px;font-size:16px;cursor:pointer;transition:all .3s ease;\">\r\n      Envoyer un message\r\n    <\/button>\r\n    <span id=\"statusIcon\"\r\n          style=\"display:none;width:24px;height:24px;border:2px solid #000;border-top-color:transparent;                 border-radius:50%;animation:spin 0.8s linear infinite;\"><\/span>\r\n  <\/div>\r\n<input type=\"hidden\" name=\"trp-form-language\" value=\"fr\"\/><\/form>\r\n\r\n<style>\r\n@keyframes spin { to { transform: rotate(360deg); } }\r\n@keyframes fadeOut { to { opacity: 0; transform: scale(0.6); } }\r\n@keyframes fadeIn { from { opacity: 0; transform: scale(0.8); } to { opacity: 1; transform: scale(1); } }\r\n<\/style>\r\n\r\n<script>\r\nconst ENDPOINT = \"https:\/\/automation.pontonlabs.com\/webhook\/epcoaching\";\r\nconst form = document.getElementById(\"epcoaching-form\");\r\nconst btn = document.getElementById(\"submitBtn\");\r\nconst statusIcon = document.getElementById(\"statusIcon\");\r\n\r\n\/\/ Focus polish\r\ndocument.querySelectorAll(\"#epcoaching-form input, #epcoaching-form textarea\").forEach(el=>{\r\n  el.addEventListener(\"focus\",()=>el.style.boxShadow=\"0 0 0 3px rgba(0,0,0,0.15)\");\r\n  el.addEventListener(\"blur\",()=>el.style.boxShadow=\"none\");\r\n});\r\n\r\nform.addEventListener(\"submit\", async e=>{\r\n  e.preventDefault();\r\n  btn.disabled = true;\r\n  statusIcon.style.display = \"inline-block\";\r\n  statusIcon.style.borderColor = \"#000 transparent #000 transparent\"; \/\/ spinner look\r\n  statusIcon.style.animation = \"spin 0.8s linear infinite\";\r\n  statusIcon.innerHTML = \"\"; \/\/ remove any leftover checkmark\r\n\r\n  const payload = {\r\n    full_name: form.full_name.value.trim(),\r\n    email: form.email.value.trim(),\r\n    phone: form.phone.value.trim(),\r\n    message: form.message.value.trim(),\r\n    source: \"wordpress-form\",\r\n    user_agent: navigator.userAgent || \"\",\r\n    page_url: location.href\r\n  };\r\n\r\n  try {\r\n    const res = await fetch(ENDPOINT,{\r\n      method:\"POST\",mode:\"cors\",credentials:\"omit\",\r\n      headers:{\"Content-Type\":\"application\/json\"},\r\n      body:JSON.stringify(payload),cache:\"no-store\",keepalive:true\r\n    });\r\n\r\n    if(res.ok){\r\n      form.reset();\r\n\r\n      \/\/ Turn spinner into clean green checkmark \u2705\r\n      statusIcon.style.animation=\"none\";\r\n      statusIcon.style.border=\"none\";\r\n      statusIcon.style.width=\"24px\";\r\n      statusIcon.style.height=\"24px\";\r\n      statusIcon.style.display=\"inline-flex\";\r\n      statusIcon.style.alignItems=\"center\";\r\n      statusIcon.style.justifyContent=\"center\";\r\n      statusIcon.style.color=\"#0f0\";\r\n      statusIcon.innerHTML=\"\u2713\";\r\n      statusIcon.style.fontSize=\"22px\";\r\n      statusIcon.style.fontWeight=\"bold\";\r\n      statusIcon.style.animation=\"fadeIn 0.2s ease-out\";\r\n\r\n      \/\/ Fade out smoothly after 1.5s\r\n      setTimeout(()=>{\r\n        statusIcon.style.animation=\"fadeOut 0.3s forwards\";\r\n        setTimeout(()=>statusIcon.style.display=\"none\",300);\r\n      },1500);\r\n    } else {\r\n      console.error(\"Server error:\",await res.text());\r\n      alert(\"\u26a0\ufe0f Server error. Please try again later.\");\r\n      statusIcon.style.display=\"none\";\r\n    }\r\n  } catch(err){\r\n    console.error(\"Network error:\",err);\r\n    alert(\"\ud83d\udeab Network error. Please try again.\");\r\n    statusIcon.style.display=\"none\";\r\n  } finally {\r\n    btn.disabled = false;\r\n  }\r\n});\r\n<\/script>\r\n\t\t\t\t<\/div>\n\t\t\t\t<\/div>\n\t\t\t\t\t<\/div>\n\t\t<\/div>\n\t\t\t\t<div class=\"elementor-column elementor-col-33 elementor-top-column elementor-element elementor-element-0d18034\" data-id=\"0d18034\" data-element_type=\"column\" data-e-type=\"column\">\n\t\t\t<div class=\"elementor-widget-wrap\">\n\t\t\t\t\t\t\t<\/div>\n\t\t<\/div>\n\t\t\t\t<div class=\"elementor-column elementor-col-33 elementor-top-column elementor-element elementor-element-e2d05b4 elementor-hidden-tablet elementor-hidden-mobile\" data-id=\"e2d05b4\" data-element_type=\"column\" data-e-type=\"column\">\n\t\t\t<div class=\"elementor-widget-wrap elementor-element-populated\">\n\t\t\t\t\t\t<div class=\"elementor-element elementor-element-cd86f53 elementor-invisible elementor-widget elementor-widget-image\" data-id=\"cd86f53\" data-element_type=\"widget\" data-e-type=\"widget\" data-settings=\"{&quot;_animation&quot;:&quot;fadeIn&quot;}\" data-widget_type=\"image.default\">\n\t\t\t\t<div class=\"elementor-widget-container\">\n\t\t\t\t\t\t\t\t\t\t\t\t\t\t\t<img fetchpriority=\"high\" decoding=\"async\" width=\"428\" height=\"640\" src=\"https:\/\/epcoaching.ca\/wp-content\/uploads\/2024\/09\/Bianka-6.jpg\" class=\"attachment-full size-full wp-image-1827\" alt=\"coaching de performance d&#039;\u00e9lite contact\" srcset=\"https:\/\/epcoaching.ca\/wp-content\/uploads\/2024\/09\/Bianka-6.jpg 428w, https:\/\/epcoaching.ca\/wp-content\/uploads\/2024\/09\/Bianka-6-201x300.jpg 201w\" sizes=\"(max-width: 428px) 100vw, 428px\" \/>\t\t\t\t\t\t\t\t\t\t\t\t\t\t\t<\/div>\n\t\t\t\t<\/div>\n\t\t\t\t\t<\/div>\n\t\t<\/div>\n\t\t\t\t\t<\/div>\n\t\t<\/section>\n\t\t<div class=\"elementor-element elementor-element-68a4cdc e-flex e-con-boxed e-con e-parent\" data-id=\"68a4cdc\" data-element_type=\"container\" data-e-type=\"container\">\n\t\t\t\t\t<div class=\"e-con-inner\">\n\t\t\t\t\t<\/div>\n\t\t\t\t<\/div>\n\t\t<div class=\"elementor-element elementor-element-1117499 e-flex e-con-boxed e-con e-parent\" data-id=\"1117499\" data-element_type=\"container\" data-e-type=\"container\">\n\t\t\t\t\t<div class=\"e-con-inner\">\n\t\t\t\t<div class=\"elementor-element elementor-element-374b0d6 elementor-widget elementor-widget-google_maps\" data-id=\"374b0d6\" data-element_type=\"widget\" data-e-type=\"widget\" data-widget_type=\"google_maps.default\">\n\t\t\t\t<div class=\"elementor-widget-container\">\n\t\t\t\t\t\t\t<div class=\"elementor-custom-embed\">\n\t\t\t<iframe loading=\"lazy\"\n\t\t\t\t\tsrc=\"https:\/\/maps.google.com\/maps?q=615%20Senecal%20St%2C%20Chambly%2C%20Quebec%20J3L%201P1&#038;t=m&#038;z=16&#038;output=embed&#038;iwloc=near\"\n\t\t\t\t\ttitle=\"615, rue Senecal, Chambly (Qu\u00e9bec) J3L 1P1\"\n\t\t\t\t\taria-label=\"615, rue Senecal, Chambly (Qu\u00e9bec) J3L 1P1\"\n\t\t\t><\/iframe>\n\t\t<\/div>\n\t\t\t\t\t\t<\/div>\n\t\t\t\t<\/div>\n\t\t\t\t\t<\/div>\n\t\t\t\t<\/div>\n\t\t\t\t<\/div>","protected":false},"excerpt":{"rendered":"<p>Any question? Forge Your Strength, Master Your Potential Send a Message Full Name * Email * Phone * Message Send a Message<\/p>","protected":false},"author":1,"featured_media":0,"parent":0,"menu_order":0,"comment_status":"closed","ping_status":"closed","template":"tmpl\/template-fullwidth.php","meta":{"_acf_changed":false,"inline_featured_image":false,"footnotes":""},"class_list":["post-59","page","type-page","status-publish","hentry"],"acf":[],"yoast_head":"<!-- This site is optimized with the Yoast SEO plugin v26.9 - https:\/\/yoast.com\/product\/yoast-seo-wordpress\/ -->\n<title>Contact Elite Performance Coaching | Get in Touch Today<\/title>\n<meta name=\"description\" content=\"Have questions or ready to start your journey? Contact Elite Performance Coaching today and start your fitness journey now!\" \/>\n<meta name=\"robots\" content=\"index, follow, max-snippet:-1, max-image-preview:large, max-video-preview:-1\" \/>\n<link rel=\"canonical\" href=\"https:\/\/epcoaching.ca\/fr\/nous-contacter\/\" \/>\n<meta property=\"og:locale\" content=\"fr_CA\" \/>\n<meta property=\"og:type\" content=\"article\" \/>\n<meta property=\"og:title\" content=\"Contact Elite Performance Coaching | Get in Touch Today\" \/>\n<meta property=\"og:description\" content=\"Have questions or ready to start your journey? Contact Elite Performance Coaching today and start your fitness journey now!\" \/>\n<meta property=\"og:url\" content=\"https:\/\/epcoaching.ca\/fr\/nous-contacter\/\" \/>\n<meta property=\"og:site_name\" content=\"Elite Performance Coaching\" \/>\n<meta property=\"article:modified_time\" content=\"2025-11-08T16:00:21+00:00\" \/>\n<meta property=\"og:image\" content=\"https:\/\/epcoaching.ca\/wp-content\/uploads\/2024\/09\/Bianka-6.jpg\" \/>\n\t<meta property=\"og:image:width\" content=\"428\" \/>\n\t<meta property=\"og:image:height\" content=\"640\" \/>\n\t<meta property=\"og:image:type\" content=\"image\/jpeg\" \/>\n<meta name=\"twitter:card\" content=\"summary_large_image\" \/>\n<meta name=\"twitter:label1\" content=\"Estimation du temps de lecture\" \/>\n\t<meta name=\"twitter:data1\" content=\"1 minute\" \/>\n<script type=\"application\/ld+json\" class=\"yoast-schema-graph\">{\"@context\":\"https:\/\/schema.org\",\"@graph\":[{\"@type\":\"WebPage\",\"@id\":\"https:\/\/epcoaching.ca\/contact-us\/\",\"url\":\"https:\/\/epcoaching.ca\/contact-us\/\",\"name\":\"Contact Elite Performance Coaching | Get in Touch Today\",\"isPartOf\":{\"@id\":\"https:\/\/epcoaching.ca\/#website\"},\"primaryImageOfPage\":{\"@id\":\"https:\/\/epcoaching.ca\/contact-us\/#primaryimage\"},\"image\":{\"@id\":\"https:\/\/epcoaching.ca\/contact-us\/#primaryimage\"},\"thumbnailUrl\":\"https:\/\/epcoaching.ca\/wp-content\/uploads\/2024\/09\/Bianka-6.jpg\",\"datePublished\":\"2022-03-04T01:39:34+00:00\",\"dateModified\":\"2025-11-08T16:00:21+00:00\",\"description\":\"Have questions or ready to start your journey? Contact Elite Performance Coaching today and start your fitness journey now!\",\"breadcrumb\":{\"@id\":\"https:\/\/epcoaching.ca\/contact-us\/#breadcrumb\"},\"inLanguage\":\"fr-CA\",\"potentialAction\":[{\"@type\":\"ReadAction\",\"target\":[\"https:\/\/epcoaching.ca\/contact-us\/\"]}]},{\"@type\":\"ImageObject\",\"inLanguage\":\"fr-CA\",\"@id\":\"https:\/\/epcoaching.ca\/contact-us\/#primaryimage\",\"url\":\"https:\/\/epcoaching.ca\/wp-content\/uploads\/2024\/09\/Bianka-6.jpg\",\"contentUrl\":\"https:\/\/epcoaching.ca\/wp-content\/uploads\/2024\/09\/Bianka-6.jpg\"},{\"@type\":\"BreadcrumbList\",\"@id\":\"https:\/\/epcoaching.ca\/contact-us\/#breadcrumb\",\"itemListElement\":[{\"@type\":\"ListItem\",\"position\":1,\"name\":\"Home\",\"item\":\"https:\/\/epcoaching.ca\/fr\/\"},{\"@type\":\"ListItem\",\"position\":2,\"name\":\"Contact Us\"}]},{\"@type\":\"WebSite\",\"@id\":\"https:\/\/epcoaching.ca\/#website\",\"url\":\"https:\/\/epcoaching.ca\/\",\"name\":\"Elite Performance Coaching\",\"description\":\"\",\"potentialAction\":[{\"@type\":\"SearchAction\",\"target\":{\"@type\":\"EntryPoint\",\"urlTemplate\":\"https:\/\/epcoaching.ca\/?s={search_term_string}\"},\"query-input\":{\"@type\":\"PropertyValueSpecification\",\"valueRequired\":true,\"valueName\":\"search_term_string\"}}],\"inLanguage\":\"fr-CA\"}]}<\/script>\n<!-- \/ Yoast SEO plugin. -->","yoast_head_json":{"title":"Contacter Elite Performance Coaching | Prendre contact aujourd'hui","description":"Vous avez des questions ou vous \u00eates pr\u00eat \u00e0 commencer votre voyage ? Contactez Elite Performance Coaching d\u00e8s aujourd'hui et commencez votre parcours de remise en forme d\u00e8s maintenant !","robots":{"index":"index","follow":"follow","max-snippet":"max-snippet:-1","max-image-preview":"max-image-preview:large","max-video-preview":"max-video-preview:-1"},"canonical":"https:\/\/epcoaching.ca\/fr\/nous-contacter\/","og_locale":"fr_CA","og_type":"article","og_title":"Contact Elite Performance Coaching | Get in Touch Today","og_description":"Have questions or ready to start your journey? Contact Elite Performance Coaching today and start your fitness journey now!","og_url":"https:\/\/epcoaching.ca\/fr\/nous-contacter\/","og_site_name":"Elite Performance Coaching","article_modified_time":"2025-11-08T16:00:21+00:00","og_image":[{"width":428,"height":640,"url":"https:\/\/epcoaching.ca\/wp-content\/uploads\/2024\/09\/Bianka-6.jpg","type":"image\/jpeg"}],"twitter_card":"summary_large_image","twitter_misc":{"Estimation du temps de lecture":"1 minute"},"schema":{"@context":"https:\/\/schema.org","@graph":[{"@type":"WebPage","@id":"https:\/\/epcoaching.ca\/contact-us\/","url":"https:\/\/epcoaching.ca\/contact-us\/","name":"Contacter Elite Performance Coaching | Prendre contact aujourd'hui","isPartOf":{"@id":"https:\/\/epcoaching.ca\/#website"},"primaryImageOfPage":{"@id":"https:\/\/epcoaching.ca\/contact-us\/#primaryimage"},"image":{"@id":"https:\/\/epcoaching.ca\/contact-us\/#primaryimage"},"thumbnailUrl":"https:\/\/epcoaching.ca\/wp-content\/uploads\/2024\/09\/Bianka-6.jpg","datePublished":"2022-03-04T01:39:34+00:00","dateModified":"2025-11-08T16:00:21+00:00","description":"Vous avez des questions ou vous \u00eates pr\u00eat \u00e0 commencer votre voyage ? Contactez Elite Performance Coaching d\u00e8s aujourd'hui et commencez votre parcours de remise en forme d\u00e8s maintenant !","breadcrumb":{"@id":"https:\/\/epcoaching.ca\/contact-us\/#breadcrumb"},"inLanguage":"fr-CA","potentialAction":[{"@type":"ReadAction","target":["https:\/\/epcoaching.ca\/contact-us\/"]}]},{"@type":"ImageObject","inLanguage":"fr-CA","@id":"https:\/\/epcoaching.ca\/contact-us\/#primaryimage","url":"https:\/\/epcoaching.ca\/wp-content\/uploads\/2024\/09\/Bianka-6.jpg","contentUrl":"https:\/\/epcoaching.ca\/wp-content\/uploads\/2024\/09\/Bianka-6.jpg"},{"@type":"BreadcrumbList","@id":"https:\/\/epcoaching.ca\/contact-us\/#breadcrumb","itemListElement":[{"@type":"ListItem","position":1,"name":"Home","item":"https:\/\/epcoaching.ca\/fr\/"},{"@type":"ListItem","position":2,"name":"Contact Us"}]},{"@type":"WebSite","@id":"https:\/\/epcoaching.ca\/#website","url":"https:\/\/epcoaching.ca\/","name":"Coaching de performance d'\u00e9lite","description":"","potentialAction":[{"@type":"SearchAction","target":{"@type":"EntryPoint","urlTemplate":"https:\/\/epcoaching.ca\/?s={search_term_string}"},"query-input":{"@type":"PropertyValueSpecification","valueRequired":true,"valueName":"search_term_string"}}],"inLanguage":"fr-CA"}]}},"_links":{"self":[{"href":"https:\/\/epcoaching.ca\/fr\/wp-json\/wp\/v2\/pages\/59","targetHints":{"allow":["GET"]}}],"collection":[{"href":"https:\/\/epcoaching.ca\/fr\/wp-json\/wp\/v2\/pages"}],"about":[{"href":"https:\/\/epcoaching.ca\/fr\/wp-json\/wp\/v2\/types\/page"}],"author":[{"embeddable":true,"href":"https:\/\/epcoaching.ca\/fr\/wp-json\/wp\/v2\/users\/1"}],"replies":[{"embeddable":true,"href":"https:\/\/epcoaching.ca\/fr\/wp-json\/wp\/v2\/comments?post=59"}],"version-history":[{"count":102,"href":"https:\/\/epcoaching.ca\/fr\/wp-json\/wp\/v2\/pages\/59\/revisions"}],"predecessor-version":[{"id":2728,"href":"https:\/\/epcoaching.ca\/fr\/wp-json\/wp\/v2\/pages\/59\/revisions\/2728"}],"wp:attachment":[{"href":"https:\/\/epcoaching.ca\/fr\/wp-json\/wp\/v2\/media?parent=59"}],"curies":[{"name":"wp","href":"https:\/\/api.w.org\/{rel}","templated":true}]}}