{"id":2130,"date":"2024-11-02T15:23:47","date_gmt":"2024-11-02T15:23:47","guid":{"rendered":"https:\/\/epcoaching.xyz\/?page_id=2130"},"modified":"2025-10-29T01:19:02","modified_gmt":"2025-10-29T01:19:02","slug":"olivier","status":"publish","type":"page","link":"https:\/\/epcoaching.ca\/fr\/olivier\/","title":{"rendered":"Olivier"},"content":{"rendered":"<div data-elementor-type=\"wp-page\" data-elementor-id=\"2130\" class=\"elementor elementor-2130\" data-elementor-post-type=\"page\">\n\t\t\t\t\t\t<section class=\"elementor-section elementor-top-section elementor-element elementor-element-662c83e elementor-section-boxed elementor-section-height-default elementor-section-height-default\" data-id=\"662c83e\" data-element_type=\"section\" data-e-type=\"section\" data-settings=\"{&quot;background_background&quot;:&quot;gradient&quot;}\">\n\t\t\t\t\t\t\t<div class=\"elementor-background-overlay\"><\/div>\n\t\t\t\t\t\t\t<div class=\"elementor-container elementor-column-gap-default\">\n\t\t\t\t\t<div class=\"elementor-column elementor-col-100 elementor-top-column elementor-element elementor-element-6bc5040\" data-id=\"6bc5040\" data-element_type=\"column\" data-e-type=\"column\">\n\t\t\t<div class=\"elementor-widget-wrap elementor-element-populated\">\n\t\t\t\t\t\t<div class=\"elementor-element elementor-element-671954d pp-heading-fill-solid elementor-widget elementor-widget-pp-fancy-heading\" data-id=\"671954d\" data-element_type=\"widget\" data-e-type=\"widget\" data-widget_type=\"pp-fancy-heading.default\">\n\t\t\t\t<div class=\"elementor-widget-container\">\n\t\t\t\t\t\t\t\t<h1 class=\"pp-fancy-heading\">\n\t\t\t\t\t\t\t\t<span class=\"pp-heading-text\">\n\t\t\t\t\t<br>Entra\u00eeneur\t\t\t\t<\/span>\n\t\t\t\t\t\t\t<\/h1>\n\t\t\t\t\t\t\t<\/div>\n\t\t\t\t<\/div>\n\t\t\t\t\t<\/div>\n\t\t<\/div>\n\t\t\t\t\t<\/div>\n\t\t<\/section>\n\t\t\t\t<section class=\"elementor-section elementor-top-section elementor-element elementor-element-df30df0 elementor-section-boxed elementor-section-height-default elementor-section-height-default\" data-id=\"df30df0\" data-element_type=\"section\" data-e-type=\"section\" data-settings=\"{&quot;background_background&quot;:&quot;classic&quot;}\">\n\t\t\t\t\t\t<div class=\"elementor-container elementor-column-gap-default\">\n\t\t\t\t\t<div class=\"elementor-column elementor-col-100 elementor-top-column elementor-element elementor-element-1f73d3c\" data-id=\"1f73d3c\" data-element_type=\"column\" data-e-type=\"column\">\n\t\t\t<div class=\"elementor-widget-wrap elementor-element-populated\">\n\t\t\t\t\t\t<div class=\"elementor-element elementor-element-d5d5cc2 pp-heading-fill-solid elementor-widget elementor-widget-pp-fancy-heading\" data-id=\"d5d5cc2\" data-element_type=\"widget\" data-e-type=\"widget\" data-widget_type=\"pp-fancy-heading.default\">\n\t\t\t\t<div class=\"elementor-widget-container\">\n\t\t\t\t\t\t\t\t<h2 class=\"pp-fancy-heading\">\n\t\t\t\t\t\t\t\t<span class=\"pp-heading-text\">\n\t\t\t\t\tOLIVIER VALOIS\t\t\t\t<\/span>\n\t\t\t\t\t\t\t<\/h2>\n\t\t\t\t\t\t\t<\/div>\n\t\t\t\t<\/div>\n\t\t\t\t<div class=\"elementor-element elementor-element-d3dc2a4 elementor-widget elementor-widget-spacer\" data-id=\"d3dc2a4\" data-element_type=\"widget\" data-e-type=\"widget\" data-widget_type=\"spacer.default\">\n\t\t\t\t<div class=\"elementor-widget-container\">\n\t\t\t\t\t\t\t<div class=\"elementor-spacer\">\n\t\t\t<div class=\"elementor-spacer-inner\"><\/div>\n\t\t<\/div>\n\t\t\t\t\t\t<\/div>\n\t\t\t\t<\/div>\n\t\t\t\t<div class=\"elementor-element elementor-element-79dfa36 elementor-widget elementor-widget-text-editor\" data-id=\"79dfa36\" data-element_type=\"widget\" data-e-type=\"widget\" data-widget_type=\"text-editor.default\">\n\t\t\t\t<div class=\"elementor-widget-container\">\n\t\t\t\t\t\t\t\t\t<p>Je suis l\u00e0 pour vous aider \u00e0 red\u00e9finir vos limites, une \u00e9tape \u00e0 la fois. En tant qu'entra\u00eeneur personnel, je crois en la cr\u00e9ation d'un parcours aussi unique que vous, adapt\u00e9, naturel et r\u00e9alisable.<\/p><p>Ensemble, nous transformerons vos objectifs en jalons et vos efforts en r\u00e9sultats durables. Mon approche ne consiste pas \u00e0 trouver des solutions rapides ou \u00e0 mettre en place des routines trop lourdes. Il s'agit plut\u00f4t d'int\u00e9grer la remise en forme dans votre vie d'une mani\u00e8re qui vous semble juste, durable et stimulante.<\/p><p>Construisons une version de vous plus forte, plus saine et plus confiante, car votre potentiel m\u00e9rite de briller, et je suis l\u00e0 pour m'en assurer. \u00cates-vous pr\u00eat \u00e0 transformer votre vie avec un but et une passion ? Commen\u00e7ons ce voyage d\u00e8s aujourd'hui !<\/p>\t\t\t\t\t\t\t\t<\/div>\n\t\t\t\t<\/div>\n\t\t\t\t<div class=\"elementor-element elementor-element-7735a1b elementor-widget-divider--view-line elementor-widget elementor-widget-divider\" data-id=\"7735a1b\" data-element_type=\"widget\" data-e-type=\"widget\" data-widget_type=\"divider.default\">\n\t\t\t\t<div class=\"elementor-widget-container\">\n\t\t\t\t\t\t\t<div class=\"elementor-divider\">\n\t\t\t<span class=\"elementor-divider-separator\">\n\t\t\t\t\t\t<\/span>\n\t\t<\/div>\n\t\t\t\t\t\t<\/div>\n\t\t\t\t<\/div>\n\t\t\t\t<div class=\"elementor-element elementor-element-467d1e9 pp-dual-heading-inline elementor-widget elementor-widget-pp-dual-heading\" data-id=\"467d1e9\" data-element_type=\"widget\" data-e-type=\"widget\" data-widget_type=\"pp-dual-heading.default\">\n\t\t\t\t<div class=\"elementor-widget-container\">\n\t\t\t\t\t<div class=\"pp-dual-heading\"><a href=\"\/fr\/contact\/\"><span class=\"pp-first-text\"><br><\/span><span class=\"pp-second-text\">Consultation gratuite<\/span><\/a><\/div>\t\t\t\t<\/div>\n\t\t\t\t<\/div>\n\t\t\t\t<section class=\"elementor-section elementor-inner-section elementor-element elementor-element-a676632 elementor-section-boxed elementor-section-height-default elementor-section-height-default\" data-id=\"a676632\" data-element_type=\"section\" data-e-type=\"section\">\n\t\t\t\t\t\t<div class=\"elementor-container elementor-column-gap-custom\">\n\t\t\t\t\t<div class=\"elementor-column elementor-col-20 elementor-inner-column elementor-element elementor-element-b893fab\" data-id=\"b893fab\" data-element_type=\"column\" data-e-type=\"column\">\n\t\t\t<div class=\"elementor-widget-wrap\">\n\t\t\t\t\t\t\t<\/div>\n\t\t<\/div>\n\t\t\t\t<div class=\"elementor-column elementor-col-20 elementor-inner-column elementor-element elementor-element-688d8f7\" data-id=\"688d8f7\" data-element_type=\"column\" data-e-type=\"column\" data-settings=\"{&quot;animation&quot;:&quot;none&quot;}\">\n\t\t\t<div class=\"elementor-widget-wrap\">\n\t\t\t\t\t\t\t<\/div>\n\t\t<\/div>\n\t\t\t\t<div class=\"elementor-column elementor-col-20 elementor-inner-column elementor-element elementor-element-37509b1\" data-id=\"37509b1\" data-element_type=\"column\" data-e-type=\"column\" data-settings=\"{&quot;animation&quot;:&quot;none&quot;}\">\n\t\t\t<div class=\"elementor-widget-wrap elementor-element-populated\">\n\t\t\t\t\t\t<div class=\"elementor-element elementor-element-402e3c9 elementor-widget elementor-widget-pp-team-member\" data-id=\"402e3c9\" data-element_type=\"widget\" data-e-type=\"widget\" data-settings=\"{&quot;_animation&quot;:&quot;none&quot;}\" data-widget_type=\"pp-team-member.default\">\n\t\t\t\t<div class=\"elementor-widget-container\">\n\t\t\t\t\t\t\t<div class=\"pp-tm-wrapper\">\n\t\t\t<div class=\"pp-tm\">\n\t\t\t\t<div class=\"pp-tm-image\"> \n\t\t\t\t\t<img decoding=\"async\" src=\"https:\/\/epcoaching.ca\/wp-content\/uploads\/2024\/09\/oli-about-300x300.jpg\" title=\"oli-about\" alt=\"coaching de performance d&#039;\u00e9lite\" loading=\"lazy\" \/>\n\t\t\t\t\t\t\t\t\t\t\t<div class=\"pp-tm-overlay-content-wrap\">\n\t\t\t\t\t\t\t<div class=\"pp-tm-content\">\n\t\t\t\t\t\t\t\t\t\t<div class=\"pp-tm-social-links-wrap\">\n\t\t\t<ul class=\"pp-tm-social-links\">\n\t\t\t\t\t\t\t\t\t\t\t\t\t\t<li>\n\t\t\t\t\t\t<a class=\"pp-tm-social-link\" href=\"https:\/\/www.facebook.com\/olivier.valois.18\">\n\t\t\t\t\t\t\t<span class=\"pp-tm-social-icon-wrap\">\n\t\t\t\t\t\t\t\t<span class=\"elementor-screen-only\">Facebook<\/span>\n\t\t\t\t\t\t\t\t<span class=\"pp-tm-social-icon pp-icon\">\n\t\t\t\t\t\t\t\t<svg aria-hidden=\"true\" class=\"e-font-icon-svg e-fab-facebook\" viewbox=\"0 0 512 512\" xmlns=\"http:\/\/www.w3.org\/2000\/svg\"><path d=\"M504 256C504 119 393 8 256 8S8 119 8 256c0 123.78 90.69 226.38 209.25 245V327.69h-63V256h63v-54.64c0-62.15 37-96.48 93.67-96.48 27.14 0 55.52 4.84 55.52 4.84v61h-31.28c-30.8 0-40.41 19.12-40.41 38.73V256h68.78l-11 71.69h-57.78V501C413.31 482.38 504 379.78 504 256z\"><\/path><\/svg>\t\t\t\t\t\t\t\t<\/span>\n\t\t\t\t\t\t\t<\/span>\n\t\t\t\t\t\t<\/a>\n\t\t\t\t\t<\/li>\n\t\t\t\t\t\t\t\t\t\t\t\t\t\t\t<li>\n\t\t\t\t\t\t<a class=\"pp-tm-social-link\" href=\"https:\/\/www.instagram.com\/coach_oli_epc\/\">\n\t\t\t\t\t\t\t<span class=\"pp-tm-social-icon-wrap\">\n\t\t\t\t\t\t\t\t<span class=\"elementor-screen-only\">Instagram<\/span>\n\t\t\t\t\t\t\t\t<span class=\"pp-tm-social-icon pp-icon\">\n\t\t\t\t\t\t\t\t<svg aria-hidden=\"true\" class=\"e-font-icon-svg e-fab-instagram\" viewbox=\"0 0 448 512\" xmlns=\"http:\/\/www.w3.org\/2000\/svg\"><path d=\"M224.1 141c-63.6 0-114.9 51.3-114.9 114.9s51.3 114.9 114.9 114.9S339 319.5 339 255.9 287.7 141 224.1 141zm0 189.6c-41.1 0-74.7-33.5-74.7-74.7s33.5-74.7 74.7-74.7 74.7 33.5 74.7 74.7-33.6 74.7-74.7 74.7zm146.4-194.3c0 14.9-12 26.8-26.8 26.8-14.9 0-26.8-12-26.8-26.8s12-26.8 26.8-26.8 26.8 12 26.8 26.8zm76.1 27.2c-1.7-35.9-9.9-67.7-36.2-93.9-26.2-26.2-58-34.4-93.9-36.2-37-2.1-147.9-2.1-184.9 0-35.8 1.7-67.6 9.9-93.9 36.1s-34.4 58-36.2 93.9c-2.1 37-2.1 147.9 0 184.9 1.7 35.9 9.9 67.7 36.2 93.9s58 34.4 93.9 36.2c37 2.1 147.9 2.1 184.9 0 35.9-1.7 67.7-9.9 93.9-36.2 26.2-26.2 34.4-58 36.2-93.9 2.1-37 2.1-147.8 0-184.8zM398.8 388c-7.8 19.6-22.9 34.7-42.6 42.6-29.5 11.7-99.5 9-132.1 9s-102.7 2.6-132.1-9c-19.6-7.8-34.7-22.9-42.6-42.6-11.7-29.5-9-99.5-9-132.1s-2.6-102.7 9-132.1c7.8-19.6 22.9-34.7 42.6-42.6 29.5-11.7 99.5-9 132.1-9s102.7-2.6 132.1 9c19.6 7.8 34.7 22.9 42.6 42.6 11.7 29.5 9 99.5 9 132.1s2.7 102.7-9 132.1z\"><\/path><\/svg>\t\t\t\t\t\t\t\t<\/span>\n\t\t\t\t\t\t\t<\/span>\n\t\t\t\t\t\t<\/a>\n\t\t\t\t\t<\/li>\n\t\t\t\t\t\t\t\t<\/ul>\n\t\t<\/div>\n\t\t\t\t\t\t\t\t\t<\/div>\n\t\t\t\t\t\t<\/div>\n\t\t\t\t\t\t\t\t\t<\/div>\n\t\t\t\t<div class=\"pp-tm-content pp-tm-content-normal\">\n\t\t\t\t\t\t\t\t\t<\/div>\n\t\t\t<\/div>\n\t\t<\/div>\n\t\t\t\t\t\t<\/div>\n\t\t\t\t<\/div>\n\t\t\t\t\t<\/div>\n\t\t<\/div>\n\t\t\t\t<div class=\"elementor-column elementor-col-20 elementor-inner-column elementor-element elementor-element-bde5f21\" data-id=\"bde5f21\" data-element_type=\"column\" data-e-type=\"column\">\n\t\t\t<div class=\"elementor-widget-wrap\">\n\t\t\t\t\t\t\t<\/div>\n\t\t<\/div>\n\t\t\t\t<div class=\"elementor-column elementor-col-20 elementor-inner-column elementor-element elementor-element-f6e2fce\" data-id=\"f6e2fce\" data-element_type=\"column\" data-e-type=\"column\">\n\t\t\t<div class=\"elementor-widget-wrap\">\n\t\t\t\t\t\t\t<\/div>\n\t\t<\/div>\n\t\t\t\t\t<\/div>\n\t\t<\/section>\n\t\t\t\t\t<\/div>\n\t\t<\/div>\n\t\t\t\t\t<\/div>\n\t\t<\/section>\n\t\t\t\t<\/div>","protected":false},"excerpt":{"rendered":"<p>Coach OLIVIER VALOIS Je suis l\u00e0 pour vous aider \u00e0 red\u00e9finir vos limites, une \u00e9tape \u00e0 la fois. En tant qu'entra\u00eeneur personnel, je crois en la cr\u00e9ation d'un parcours aussi unique que vous, adapt\u00e9, naturel et r\u00e9alisable. Ensemble, nous transformerons vos objectifs en \u00e9tapes et vos efforts en r\u00e9sultats durables. Mon approche ne consiste pas \u00e0 trouver des solutions rapides [...]<\/p>","protected":false},"author":2,"featured_media":0,"parent":0,"menu_order":0,"comment_status":"closed","ping_status":"closed","template":"tmpl\/template-fullwidth.php","meta":{"_acf_changed":false,"inline_featured_image":false,"footnotes":""},"class_list":["post-2130","page","type-page","status-publish","hentry"],"acf":[],"yoast_head":"<!-- This site is optimized with the Yoast SEO plugin v26.9 - https:\/\/yoast.com\/product\/yoast-seo-wordpress\/ -->\n<title>Olivier - Elite Performance Coaching<\/title>\n<meta name=\"robots\" content=\"index, follow, max-snippet:-1, max-image-preview:large, max-video-preview:-1\" \/>\n<link rel=\"canonical\" href=\"https:\/\/epcoaching.ca\/fr\/olivier\/\" \/>\n<meta property=\"og:locale\" content=\"fr_CA\" \/>\n<meta property=\"og:type\" content=\"article\" \/>\n<meta property=\"og:title\" content=\"Olivier - Elite Performance Coaching\" \/>\n<meta property=\"og:description\" content=\"Coach OLIVIER VALOIS I&#8217;m here to help you redefine your limits, one step at a time. As a personal trainer, I believe in creating a journey that&#8217;s as unique as you are, tailored, natural, and achievable. Together, we&#8217;ll turn your goals into milestones and your efforts into lasting results. My approach isn\u2019t about quick fixes [&hellip;]\" \/>\n<meta property=\"og:url\" content=\"https:\/\/epcoaching.ca\/fr\/olivier\/\" \/>\n<meta property=\"og:site_name\" content=\"Elite Performance Coaching\" \/>\n<meta property=\"article:modified_time\" content=\"2025-10-29T01:19:02+00:00\" \/>\n<meta property=\"og:image\" content=\"https:\/\/epcoaching.ca\/wp-content\/uploads\/2024\/09\/oli-about.jpg\" \/>\n\t<meta property=\"og:image:width\" content=\"1080\" \/>\n\t<meta property=\"og:image:height\" content=\"1080\" \/>\n\t<meta property=\"og:image:type\" content=\"image\/jpeg\" \/>\n<meta name=\"twitter:card\" content=\"summary_large_image\" \/>\n<meta name=\"twitter:label1\" content=\"Estimation du temps de lecture\" \/>\n\t<meta name=\"twitter:data1\" content=\"1 minute\" \/>\n<script type=\"application\/ld+json\" class=\"yoast-schema-graph\">{\"@context\":\"https:\/\/schema.org\",\"@graph\":[{\"@type\":\"WebPage\",\"@id\":\"https:\/\/epcoaching.ca\/olivier\/\",\"url\":\"https:\/\/epcoaching.ca\/olivier\/\",\"name\":\"Olivier - Elite Performance Coaching\",\"isPartOf\":{\"@id\":\"https:\/\/epcoaching.ca\/#website\"},\"primaryImageOfPage\":{\"@id\":\"https:\/\/epcoaching.ca\/olivier\/#primaryimage\"},\"image\":{\"@id\":\"https:\/\/epcoaching.ca\/olivier\/#primaryimage\"},\"thumbnailUrl\":\"https:\/\/epcoaching.ca\/wp-content\/uploads\/2024\/09\/oli-about-300x300.jpg\",\"datePublished\":\"2024-11-02T15:23:47+00:00\",\"dateModified\":\"2025-10-29T01:19:02+00:00\",\"breadcrumb\":{\"@id\":\"https:\/\/epcoaching.ca\/olivier\/#breadcrumb\"},\"inLanguage\":\"fr-CA\",\"potentialAction\":[{\"@type\":\"ReadAction\",\"target\":[\"https:\/\/epcoaching.ca\/olivier\/\"]}]},{\"@type\":\"ImageObject\",\"inLanguage\":\"fr-CA\",\"@id\":\"https:\/\/epcoaching.ca\/olivier\/#primaryimage\",\"url\":\"https:\/\/epcoaching.ca\/wp-content\/uploads\/2024\/09\/oli-about-300x300.jpg\",\"contentUrl\":\"https:\/\/epcoaching.ca\/wp-content\/uploads\/2024\/09\/oli-about-300x300.jpg\"},{\"@type\":\"BreadcrumbList\",\"@id\":\"https:\/\/epcoaching.ca\/olivier\/#breadcrumb\",\"itemListElement\":[{\"@type\":\"ListItem\",\"position\":1,\"name\":\"Home\",\"item\":\"https:\/\/epcoaching.ca\/fr\/\"},{\"@type\":\"ListItem\",\"position\":2,\"name\":\"Olivier\"}]},{\"@type\":\"WebSite\",\"@id\":\"https:\/\/epcoaching.ca\/#website\",\"url\":\"https:\/\/epcoaching.ca\/\",\"name\":\"Elite Performance Coaching\",\"description\":\"\",\"potentialAction\":[{\"@type\":\"SearchAction\",\"target\":{\"@type\":\"EntryPoint\",\"urlTemplate\":\"https:\/\/epcoaching.ca\/?s={search_term_string}\"},\"query-input\":{\"@type\":\"PropertyValueSpecification\",\"valueRequired\":true,\"valueName\":\"search_term_string\"}}],\"inLanguage\":\"fr-CA\"}]}<\/script>\n<!-- \/ Yoast SEO plugin. -->","yoast_head_json":{"title":"Olivier - Coaching de performance d'\u00e9lite","robots":{"index":"index","follow":"follow","max-snippet":"max-snippet:-1","max-image-preview":"max-image-preview:large","max-video-preview":"max-video-preview:-1"},"canonical":"https:\/\/epcoaching.ca\/fr\/olivier\/","og_locale":"fr_CA","og_type":"article","og_title":"Olivier - Elite Performance Coaching","og_description":"Coach OLIVIER VALOIS I&#8217;m here to help you redefine your limits, one step at a time. As a personal trainer, I believe in creating a journey that&#8217;s as unique as you are, tailored, natural, and achievable. Together, we&#8217;ll turn your goals into milestones and your efforts into lasting results. My approach isn\u2019t about quick fixes [&hellip;]","og_url":"https:\/\/epcoaching.ca\/fr\/olivier\/","og_site_name":"Elite Performance Coaching","article_modified_time":"2025-10-29T01:19:02+00:00","og_image":[{"width":1080,"height":1080,"url":"https:\/\/epcoaching.ca\/wp-content\/uploads\/2024\/09\/oli-about.jpg","type":"image\/jpeg"}],"twitter_card":"summary_large_image","twitter_misc":{"Estimation du temps de lecture":"1 minute"},"schema":{"@context":"https:\/\/schema.org","@graph":[{"@type":"WebPage","@id":"https:\/\/epcoaching.ca\/olivier\/","url":"https:\/\/epcoaching.ca\/olivier\/","name":"Olivier - Coaching de performance d'\u00e9lite","isPartOf":{"@id":"https:\/\/epcoaching.ca\/#website"},"primaryImageOfPage":{"@id":"https:\/\/epcoaching.ca\/olivier\/#primaryimage"},"image":{"@id":"https:\/\/epcoaching.ca\/olivier\/#primaryimage"},"thumbnailUrl":"https:\/\/epcoaching.ca\/wp-content\/uploads\/2024\/09\/oli-about-300x300.jpg","datePublished":"2024-11-02T15:23:47+00:00","dateModified":"2025-10-29T01:19:02+00:00","breadcrumb":{"@id":"https:\/\/epcoaching.ca\/olivier\/#breadcrumb"},"inLanguage":"fr-CA","potentialAction":[{"@type":"ReadAction","target":["https:\/\/epcoaching.ca\/olivier\/"]}]},{"@type":"ImageObject","inLanguage":"fr-CA","@id":"https:\/\/epcoaching.ca\/olivier\/#primaryimage","url":"https:\/\/epcoaching.ca\/wp-content\/uploads\/2024\/09\/oli-about-300x300.jpg","contentUrl":"https:\/\/epcoaching.ca\/wp-content\/uploads\/2024\/09\/oli-about-300x300.jpg"},{"@type":"BreadcrumbList","@id":"https:\/\/epcoaching.ca\/olivier\/#breadcrumb","itemListElement":[{"@type":"ListItem","position":1,"name":"Home","item":"https:\/\/epcoaching.ca\/fr\/"},{"@type":"ListItem","position":2,"name":"Olivier"}]},{"@type":"WebSite","@id":"https:\/\/epcoaching.ca\/#website","url":"https:\/\/epcoaching.ca\/","name":"Coaching de performance d'\u00e9lite","description":"","potentialAction":[{"@type":"SearchAction","target":{"@type":"EntryPoint","urlTemplate":"https:\/\/epcoaching.ca\/?s={search_term_string}"},"query-input":{"@type":"PropertyValueSpecification","valueRequired":true,"valueName":"search_term_string"}}],"inLanguage":"fr-CA"}]}},"_links":{"self":[{"href":"https:\/\/epcoaching.ca\/fr\/wp-json\/wp\/v2\/pages\/2130","targetHints":{"allow":["GET"]}}],"collection":[{"href":"https:\/\/epcoaching.ca\/fr\/wp-json\/wp\/v2\/pages"}],"about":[{"href":"https:\/\/epcoaching.ca\/fr\/wp-json\/wp\/v2\/types\/page"}],"author":[{"embeddable":true,"href":"https:\/\/epcoaching.ca\/fr\/wp-json\/wp\/v2\/users\/2"}],"replies":[{"embeddable":true,"href":"https:\/\/epcoaching.ca\/fr\/wp-json\/wp\/v2\/comments?post=2130"}],"version-history":[{"count":20,"href":"https:\/\/epcoaching.ca\/fr\/wp-json\/wp\/v2\/pages\/2130\/revisions"}],"predecessor-version":[{"id":2404,"href":"https:\/\/epcoaching.ca\/fr\/wp-json\/wp\/v2\/pages\/2130\/revisions\/2404"}],"wp:attachment":[{"href":"https:\/\/epcoaching.ca\/fr\/wp-json\/wp\/v2\/media?parent=2130"}],"curies":[{"name":"wp","href":"https:\/\/api.w.org\/{rel}","templated":true}]}}